{"id":851,"date":"2021-11-27T19:04:49","date_gmt":"2021-11-27T18:04:49","guid":{"rendered":"https:\/\/www.tapadera.es\/?page_id=851"},"modified":"2021-11-27T19:05:10","modified_gmt":"2021-11-27T18:05:10","slug":"coleccion-crisopeya","status":"publish","type":"page","link":"https:\/\/www.tapadera.es\/index.php\/coleccion-crisopeya\/","title":{"rendered":"Colecci\u00f3n \u00abCrisopeya\u00bb de libros"},"content":{"rendered":"\n<p class=\"wp-block-paragraph\">El socio fundador Luis A. Garc\u00eda Mart\u00edn (hoy trasnsmutado a <a href=\"https:\/\/www.google.es\/search?q=Ernesto+Laguna+Verdana\" data-type=\"URL\" data-id=\"https:\/\/www.google.es\/search?q=Ernesto+Laguna+Verdana\" target=\"_blank\" rel=\"noreferrer noopener\">Ernesto Laguna Verdana<\/a>) instituy\u00f3 el premio de relatos Mago Merl\u00edn. Los premiados en los diferentes cert\u00e1menes del mismo constituyen la peque\u00f1a (de tama\u00f1o) colecci\u00f3n editorial Crisopeya, que abarca en cada uno de sus tres n\u00fameros los principales premiados y acc\u00e9sit.<\/p>\n\n\n\n<p class=\"wp-block-paragraph\">Hubo tres cert\u00e1menes del concurso en los a\u00f1os 1996, 1997 y 1998. Ahora se encuentra en el olvido ilerdense perdido en la mente de su progenitor y mentor. Igual alg\u00fan a\u00f1o de estos se decide y retoma el tema. O igual alg\u00fan amable mecenas nos espera en el cibercamino&#8230;<\/p>\n\n\n\n<p class=\"wp-block-paragraph\">M\u00e1s informaci\u00f3n en la secci\u00f3n ARCHIVO 1997-2007 enlace CONCURSO DE RELATOS, en el men\u00fa de navegaci\u00f3n.<\/p>\n\n\n\n<div class=\"wp-block-image\"><figure class=\"aligncenter size-full\"><img loading=\"lazy\" decoding=\"async\" width=\"289\" height=\"331\" src=\"https:\/\/www.tapadera.es\/wp-content\/uploads\/1636\/87\/kantia.jpg\" alt=\"Dibujo de Kantia Diego\" class=\"wp-image-189\" srcset=\"https:\/\/www.tapadera.es\/wp-content\/uploads\/1636\/87\/kantia.jpg 289w, https:\/\/www.tapadera.es\/wp-content\/uploads\/1636\/87\/kantia-262x300.jpg 262w\" sizes=\"auto, (max-width: 289px) 100vw, 289px\" \/><\/figure><\/div>\n","protected":false},"excerpt":{"rendered":"<p>El socio fundador Luis A. Garc\u00eda Mart\u00edn (hoy trasnsmutado a Ernesto Laguna Verdana) instituy\u00f3 el premio de relatos Mago Merl\u00edn. Los premiados en los diferentes cert\u00e1menes&#46;&#46;&#46;<\/p>\n","protected":false},"author":1,"featured_media":0,"parent":0,"menu_order":22,"comment_status":"closed","ping_status":"closed","template":"","meta":{"_crdt_document":"","footnotes":""},"class_list":["post-851","page","type-page","status-publish","hentry"],"_links":{"self":[{"href":"https:\/\/www.tapadera.es\/index.php\/wp-json\/wp\/v2\/pages\/851","targetHints":{"allow":["GET"]}}],"collection":[{"href":"https:\/\/www.tapadera.es\/index.php\/wp-json\/wp\/v2\/pages"}],"about":[{"href":"https:\/\/www.tapadera.es\/index.php\/wp-json\/wp\/v2\/types\/page"}],"author":[{"embeddable":true,"href":"https:\/\/www.tapadera.es\/index.php\/wp-json\/wp\/v2\/users\/1"}],"replies":[{"embeddable":true,"href":"https:\/\/www.tapadera.es\/index.php\/wp-json\/wp\/v2\/comments?post=851"}],"version-history":[{"count":2,"href":"https:\/\/www.tapadera.es\/index.php\/wp-json\/wp\/v2\/pages\/851\/revisions"}],"predecessor-version":[{"id":853,"href":"https:\/\/www.tapadera.es\/index.php\/wp-json\/wp\/v2\/pages\/851\/revisions\/853"}],"wp:attachment":[{"href":"https:\/\/www.tapadera.es\/index.php\/wp-json\/wp\/v2\/media?parent=851"}],"curies":[{"name":"wp","href":"https:\/\/api.w.org\/{rel}","templated":true}]}}