{"id":854,"date":"2021-11-27T19:11:16","date_gmt":"2021-11-27T18:11:16","guid":{"rendered":"https:\/\/www.tapadera.es\/?page_id=854"},"modified":"2025-04-01T19:18:23","modified_gmt":"2025-04-01T18:18:23","slug":"coleccion-polifemo","status":"publish","type":"page","link":"https:\/\/www.tapadera.es\/index.php\/coleccion-polifemo\/","title":{"rendered":"Colecci\u00f3n \u00abPolifemo\u00bb de cortos"},"content":{"rendered":"\n<p class=\"wp-block-paragraph\">La colecci\u00f3n Polifemo hizo su aparici\u00f3n con <a rel=\"noreferrer noopener\" href=\"https:\/\/www.youtube.com\/watch?v=ly5XUMrZf_0\" target=\"_blank\">La Gota<\/a>. Dentro de alg\u00fan tiempo tendremos tantas producciones como ovejas ten\u00eda el m\u00edtico personaje que nos da nombre, pero por el momento la colecci\u00f3n se compone de estas obritas, a cada cual m\u00e1s extra\u00f1a. Juzguen, juzguen ustedes mismos.<\/p>\n\n\n\n<ul class=\"wp-block-list\">\n<li><strong>Calor de agosto (1994) <\/strong>es un corto inconcluso basado en un relato de W.F. Harvey, ideado por Vidal G., Luis Antonio G. y Carlos G.<\/li>\n\n\n\n<li><strong>La gota (2001)<\/strong> es un corto de ficci\u00f3n de unos 7 minutos, basado en un relato de Vidal G.<\/li>\n\n\n\n<li><strong>La continuidad de los cortos (2004)<\/strong> es un corto de ficci\u00f3n de 12 minutos basado en un relato de Julio Cort\u00e1zar, ideado por Vidal G. y Francisco Javier Gil.<\/li>\n\n\n\n<li><strong>La vajilla (La realidad no es lo que parece) (2004) <\/strong>es un micro de 1 minuto basado en una canci\u00f3n popular.<\/li>\n\n\n\n<li><strong>Escila (2010) <\/strong>es un corto de ficci\u00f3n de unos 4 minutos, basado en un relato de Vidal G.<\/li>\n\n\n\n<li><strong>Morituri (2010) <\/strong>es un micro de 1 minuto, basado en una idea peregrina de Vidal G.<\/li>\n<\/ul>\n\n\n\n<p class=\"wp-block-paragraph\">Por no andar repitiendo c\u00f3digo in\u00fatilmente, hagan el favor de servirse del <a href=\"https:\/\/www.tapadera.es\/index.php\/trastero\/\">Trastero<\/a> para acceder a los enlaces a las obras, claro. Asimismo se pueden encontrar en DVD, pero hacemos cada copia bajo petici\u00f3n, para lo cual rogamos se pongan en contacto, obviamente a\u00fan no disponemos del chisme para leer mentes.<\/p>\n\n\n<div class=\"wp-block-image\">\n<figure class=\"aligncenter size-full\"><img loading=\"lazy\" decoding=\"async\" width=\"340\" height=\"272\" src=\"https:\/\/www.tapadera.es\/wp-content\/uploads\/1636\/87\/fotograma1.jpg\" alt=\"Fotograma de &quot;La gota&quot;\" class=\"wp-image-174\" srcset=\"https:\/\/www.tapadera.es\/wp-content\/uploads\/1636\/87\/fotograma1.jpg 340w, https:\/\/www.tapadera.es\/wp-content\/uploads\/1636\/87\/fotograma1-300x240.jpg 300w\" sizes=\"auto, (max-width: 340px) 100vw, 340px\" \/><\/figure>\n<\/div>","protected":false},"excerpt":{"rendered":"<p>La colecci\u00f3n Polifemo hizo su aparici\u00f3n con La Gota. Dentro de alg\u00fan tiempo tendremos tantas producciones como ovejas ten\u00eda el m\u00edtico personaje que nos da nombre,&#46;&#46;&#46;<\/p>\n","protected":false},"author":1,"featured_media":0,"parent":0,"menu_order":21,"comment_status":"closed","ping_status":"closed","template":"","meta":{"_crdt_document":"","footnotes":""},"class_list":["post-854","page","type-page","status-publish","hentry"],"_links":{"self":[{"href":"https:\/\/www.tapadera.es\/index.php\/wp-json\/wp\/v2\/pages\/854","targetHints":{"allow":["GET"]}}],"collection":[{"href":"https:\/\/www.tapadera.es\/index.php\/wp-json\/wp\/v2\/pages"}],"about":[{"href":"https:\/\/www.tapadera.es\/index.php\/wp-json\/wp\/v2\/types\/page"}],"author":[{"embeddable":true,"href":"https:\/\/www.tapadera.es\/index.php\/wp-json\/wp\/v2\/users\/1"}],"replies":[{"embeddable":true,"href":"https:\/\/www.tapadera.es\/index.php\/wp-json\/wp\/v2\/comments?post=854"}],"version-history":[{"count":5,"href":"https:\/\/www.tapadera.es\/index.php\/wp-json\/wp\/v2\/pages\/854\/revisions"}],"predecessor-version":[{"id":1277,"href":"https:\/\/www.tapadera.es\/index.php\/wp-json\/wp\/v2\/pages\/854\/revisions\/1277"}],"wp:attachment":[{"href":"https:\/\/www.tapadera.es\/index.php\/wp-json\/wp\/v2\/media?parent=854"}],"curies":[{"name":"wp","href":"https:\/\/api.w.org\/{rel}","templated":true}]}}