{"id":866,"date":"2021-11-27T19:33:16","date_gmt":"2021-11-27T18:33:16","guid":{"rendered":"https:\/\/www.tapadera.es\/?page_id=866"},"modified":"2023-01-20T11:16:44","modified_gmt":"2023-01-20T10:16:44","slug":"conciertos","status":"publish","type":"page","link":"https:\/\/www.tapadera.es\/index.php\/conciertos\/","title":{"rendered":"Conciertos y +"},"content":{"rendered":"\n<p class=\"wp-block-paragraph\">Entre los experimentos de los inicios de \u00abLa Tapadera\u00bb, se encuentra la gesti\u00f3n de un bar-pub, el \u00abIdiota\u00bb, en la \u00e9poca en Jos\u00e9 Mar\u00eda Mart\u00edn Mateo \u00abTeo\u00bb no pod\u00eda regentarlo por problemas de salud de los que, por suerte, sali\u00f3 indemne. Desde aqu\u00ed le damos la m\u00e1s sincera enhorabuena, que adem\u00e1s solemos celebrar en agosto (cuando vuelve por estas tierras) bebiendo y hablando en los bares (las antiguas \u00abredes sociales\u00bb).<\/p>\n\n\n\n<p class=\"wp-block-paragraph\">En esta extenuante \u00e9poca del \u00abIdiota Bar\u00bb (ver la zona de <a href=\"https:\/\/www.tapadera.es\/index.php\/exposiciones\/\" data-type=\"URL\" data-id=\"https:\/\/www.tapadera.es\/index.php\/exposiciones\/\">Exposiciones<\/a>) se desarrollaron diversos conciertos musicales, as\u00ed como sesiones de narraci\u00f3n oral y recitales po\u00e9ticos. Ah\u00ed va la lista.<\/p>\n\n\n\n<h3 class=\"wp-block-heading\" id=\"conciertos\">CONCIERTOS<\/h3>\n\n\n\n<ul class=\"wp-block-list\">\n<li>La selva de papel: 10\/3\/98 (este nos vali\u00f3 una multa por ruido)<\/li>\n\n\n\n<li>Monkey Nuts: 13\/3\/98<\/li>\n\n\n\n<li>Bagauda: 28\/3\/98<\/li>\n\n\n\n<li>Los Hondos: 25\/4\/98<\/li>\n\n\n\n<li>Nous: 7\/5\/98<\/li>\n\n\n\n<li>Blas Blues Band: 8\/5\/98<\/li>\n\n\n\n<li>Les Vuln\u00e9rables: 22\/5\/98<\/li>\n<\/ul>\n\n\n\n<h3 class=\"wp-block-heading\" id=\"narracion-oral\">NARRACI\u00d3N ORAL<\/h3>\n\n\n\n<ul class=\"wp-block-list\">\n<li>Maricuela (Cuentos): 25\/3\/98<\/li>\n\n\n\n<li>Juan Carlos Gonz\u00e1lez y Julio Reyes (Cuentos) 29\/4\/98<\/li>\n\n\n\n<li>Pilar (Cuentos): 6\/5\/98<\/li>\n\n\n\n<li>Cuenta que cuento (Cuentos): 18\/5\/98<\/li>\n\n\n\n<li>Alquimia (Cuentos): 27\/5\/98<\/li>\n\n\n\n<li>Ant\u00edtodo (Poemas): 28\/5\/98<\/li>\n<\/ul>\n\n\n\n<h3 class=\"wp-block-heading\" id=\"recitales-poeticos\">RECITALES PO\u00c9TICOS<\/h3>\n\n\n\n<ul class=\"wp-block-list\">\n<li>Jornadas y proyecciones \u201cTeatro y filosof\u00eda\u201d, en colaboraci\u00f3n con la Delegaci\u00f3n de Alumnos de la Facultad de Filosof\u00eda (Universidad de Salamanca): 14, 15 y 17 de diciembre de 1998<\/li>\n\n\n\n<li>Lectura po\u00e9tica con proyecci\u00f3n de diapositivas \u201cDesierto con figuras\u201d durante las fiestas de la Facultad de Filosof\u00eda (Universidad de Salamanca): junio de 1999<\/li>\n<\/ul>\n\n\n\n<p class=\"wp-block-paragraph\">La carteler\u00eda e invitaciones ser\u00e1n colocadas en breve para aquellos\/as de uds. que deseen recordar los inefables viejos tiempos, pero teniendo en cuenta el poco tiempo de que se dispone para estas cosas, igual se queda en promesa. Si alguien lo pide, no obstante, estaremos encantados de rescatarlo de nuestro archivo digital y envi\u00e1rselo raudo v\u00eda correo-e.<\/p>\n","protected":false},"excerpt":{"rendered":"<p>Entre los experimentos de los inicios de \u00abLa Tapadera\u00bb, se encuentra la gesti\u00f3n de un bar-pub, el \u00abIdiota\u00bb, en la \u00e9poca en Jos\u00e9 Mar\u00eda Mart\u00edn Mateo&#46;&#46;&#46;<\/p>\n","protected":false},"author":1,"featured_media":0,"parent":0,"menu_order":17,"comment_status":"closed","ping_status":"closed","template":"","meta":{"_crdt_document":"","footnotes":""},"class_list":["post-866","page","type-page","status-publish","hentry"],"_links":{"self":[{"href":"https:\/\/www.tapadera.es\/index.php\/wp-json\/wp\/v2\/pages\/866","targetHints":{"allow":["GET"]}}],"collection":[{"href":"https:\/\/www.tapadera.es\/index.php\/wp-json\/wp\/v2\/pages"}],"about":[{"href":"https:\/\/www.tapadera.es\/index.php\/wp-json\/wp\/v2\/types\/page"}],"author":[{"embeddable":true,"href":"https:\/\/www.tapadera.es\/index.php\/wp-json\/wp\/v2\/users\/1"}],"replies":[{"embeddable":true,"href":"https:\/\/www.tapadera.es\/index.php\/wp-json\/wp\/v2\/comments?post=866"}],"version-history":[{"count":3,"href":"https:\/\/www.tapadera.es\/index.php\/wp-json\/wp\/v2\/pages\/866\/revisions"}],"predecessor-version":[{"id":927,"href":"https:\/\/www.tapadera.es\/index.php\/wp-json\/wp\/v2\/pages\/866\/revisions\/927"}],"wp:attachment":[{"href":"https:\/\/www.tapadera.es\/index.php\/wp-json\/wp\/v2\/media?parent=866"}],"curies":[{"name":"wp","href":"https:\/\/api.w.org\/{rel}","templated":true}]}}