{"id":868,"date":"2021-11-27T19:41:58","date_gmt":"2021-11-27T18:41:58","guid":{"rendered":"https:\/\/www.tapadera.es\/?page_id=868"},"modified":"2023-01-20T11:17:19","modified_gmt":"2023-01-20T10:17:19","slug":"concurso-de-relatos","status":"publish","type":"page","link":"https:\/\/www.tapadera.es\/index.php\/concurso-de-relatos\/","title":{"rendered":"Concurso de relatos \u00abMemorial mago Merl\u00edn\u00bb"},"content":{"rendered":"\n<p class=\"wp-block-paragraph\">El concurso naci\u00f3 de la mente y bajo los auspicios de Luis Antonio Garc\u00eda Mart\u00edn (hoy transmutado en <a href=\"https:\/\/www.facebook.com\/ernesto.lagunaverdana.1\" data-type=\"URL\" data-id=\"https:\/\/www.facebook.com\/ernesto.lagunaverdana.1\" target=\"_blank\" rel=\"noreferrer noopener\">Ernesto Laguna Verdana<\/a>), en el a\u00f1o 1996 y tuvo cuatro convocatorias cuyos ganadores forman la colecci\u00f3n \u00abCrisopeya\u00bb de libros.<\/p>\n\n\n\n<p class=\"wp-block-paragraph\">Las bases de concursos anteriores y los facs\u00edmiles de los carteles anunciadores est\u00e1n guardados en el <a href=\"https:\/\/www.tapadera.es\/index.php\/trastero\/\">Trastero<\/a>.<\/p>\n\n\n\n<p class=\"wp-block-paragraph\">En cualquier caso se han celebrado:<\/p>\n\n\n\n<ul class=\"wp-block-list\">\n<li><strong>I Certamen <\/strong>de cuentos (1996): dotaci\u00f3n econ\u00f3mica de 30.000 pts. Los ganadores del I certamen se publicaron en colaboraci\u00f3n con los \u00abCuadernos del Sornabique\u00bb (B\u00e9jar) en su colecci\u00f3n \u00abEl \u00e1rbol espiral\u00bb. En este momento La Tapadera a\u00fan no exist\u00eda, pero se nombra a efectos de completar el ciclo Merl\u00edn.<\/li>\n\n\n\n<li><strong>II Certamen <\/strong>de cuentos (1997): dotaci\u00f3n econ\u00f3mica de 30.100 pts. El II certamen (tras desavenencias conyugales con los beharauis) inici\u00f3 la colecci\u00f3n <a href=\"https:\/\/www.tapadera.es\/index.php\/coleccion-crisopeya\/\">Crisopeya<\/a> de nuestra asociaci\u00f3n cultural (ver publicaciones).<\/li>\n\n\n\n<li><strong>III Certamen<\/strong> de relatos \u201cMemorial Mago Merl\u00edn\u201d (1998): dotaci\u00f3n econ\u00f3mica de 50.200 pts. El III certamen sufri\u00f3 la misma suerte que el II, siendo parte de la colecci\u00f3n<a href=\"https:\/\/www.tapadera.es\/index.php\/coleccion-crisopeya\/\"> Crisopeya<\/a>.<\/li>\n\n\n\n<li><strong>IV Certamen<\/strong> de relatos (1999): desierto El IV certamen, por su parte, tuvo poca difusi\u00f3n y a\u00fan menor participaci\u00f3n debido a la desidia y abandono de alguno de los socios encargados. Adem\u00e1s el nivel de los trabajos presentados hizo que el jurado lo declarase desierto.<\/li>\n<\/ul>\n\n\n\n<p class=\"wp-block-paragraph\">Desde el a\u00f1o 2000 no hubo certamen y, de momento, no se sabe si va a retomarse la idea. Si alguien quiere ponerse en contacto con el fundador y motor que animaba el concurso (Luis A. Garc\u00eda, que parece cansado de la idea) no tiene m\u00e1s que decirlo y se le proporcionar\u00e1n los datos disponibles, que casi se reducen a que quien quiera le busque en su m\u00e1s reciente transmutaci\u00f3n, ya mencionada.<\/p>\n\n\n\n<p class=\"wp-block-paragraph\">Quiz\u00e1 hasta se anime a ceder la batuta de manera voluntaria de la idea original, porque lo cierto es que tras un cierto tiempo, alg\u00fan listillo (<a rel=\"noreferrer noopener\" href=\"https:\/\/es.wikipedia.org\/wiki\/Joan_Gonper\" data-type=\"URL\" data-id=\"https:\/\/es.wikipedia.org\/wiki\/Joan_Gonper\" target=\"_blank\">Joan Gonper<\/a>, para ser mas exactos) hizo gala de poca imaginaci\u00f3n y menos decencia copiando descaradamente el nombre al concurso. Tras un intercambio de correos-e (que, por supuesto, conservo cuidadosamente) cambiaron el nombre a su concurso, cosa que nos alegra sobremanera.<\/p>\n","protected":false},"excerpt":{"rendered":"<p>El concurso naci\u00f3 de la mente y bajo los auspicios de Luis Antonio Garc\u00eda Mart\u00edn (hoy transmutado en Ernesto Laguna Verdana), en el a\u00f1o 1996 y&#46;&#46;&#46;<\/p>\n","protected":false},"author":1,"featured_media":0,"parent":0,"menu_order":16,"comment_status":"closed","ping_status":"closed","template":"","meta":{"_crdt_document":"","footnotes":""},"class_list":["post-868","page","type-page","status-publish","hentry"],"_links":{"self":[{"href":"https:\/\/www.tapadera.es\/index.php\/wp-json\/wp\/v2\/pages\/868","targetHints":{"allow":["GET"]}}],"collection":[{"href":"https:\/\/www.tapadera.es\/index.php\/wp-json\/wp\/v2\/pages"}],"about":[{"href":"https:\/\/www.tapadera.es\/index.php\/wp-json\/wp\/v2\/types\/page"}],"author":[{"embeddable":true,"href":"https:\/\/www.tapadera.es\/index.php\/wp-json\/wp\/v2\/users\/1"}],"replies":[{"embeddable":true,"href":"https:\/\/www.tapadera.es\/index.php\/wp-json\/wp\/v2\/comments?post=868"}],"version-history":[{"count":3,"href":"https:\/\/www.tapadera.es\/index.php\/wp-json\/wp\/v2\/pages\/868\/revisions"}],"predecessor-version":[{"id":919,"href":"https:\/\/www.tapadera.es\/index.php\/wp-json\/wp\/v2\/pages\/868\/revisions\/919"}],"wp:attachment":[{"href":"https:\/\/www.tapadera.es\/index.php\/wp-json\/wp\/v2\/media?parent=868"}],"curies":[{"name":"wp","href":"https:\/\/api.w.org\/{rel}","templated":true}]}}